{"id":7941,"date":"2024-06-05T08:53:24","date_gmt":"2024-06-05T08:53:24","guid":{"rendered":"https:\/\/swissconstruction.al\/lajme-evente\/"},"modified":"2024-06-06T13:03:26","modified_gmt":"2024-06-06T13:03:26","slug":"news-events","status":"publish","type":"page","link":"https:\/\/swissconstruction.al\/en\/news-events\/","title":{"rendered":"News &#038; Events"},"content":{"rendered":"\t\t<div data-elementor-type=\"wp-page\" data-elementor-id=\"7941\" class=\"elementor elementor-7941 elementor-7268\">\n\t\t\t\t\t\t<section class=\"elementor-section elementor-top-section elementor-element elementor-element-55b42e3 elementor-section-boxed elementor-section-height-default elementor-section-height-default\" data-id=\"55b42e3\" data-element_type=\"section\" data-settings=\"{&quot;background_background&quot;:&quot;classic&quot;}\">\n\t\t\t\t\t\t\t<div class=\"elementor-background-overlay\"><\/div>\n\t\t\t\t\t\t\t<div class=\"elementor-container elementor-column-gap-default\">\n\t\t\t\t\t<div class=\"elementor-column elementor-col-100 elementor-top-column elementor-element elementor-element-1d82b86\" data-id=\"1d82b86\" data-element_type=\"column\">\n\t\t\t<div class=\"elementor-widget-wrap elementor-element-populated\">\n\t\t\t\t\t\t<div class=\"elementor-element elementor-element-8f950f8 elementor-widget elementor-widget-spacer\" data-id=\"8f950f8\" data-element_type=\"widget\" data-widget_type=\"spacer.default\">\n\t\t\t\t<div class=\"elementor-widget-container\">\n\t\t\t\t\t\t\t<div class=\"elementor-spacer\">\n\t\t\t<div class=\"elementor-spacer-inner\"><\/div>\n\t\t<\/div>\n\t\t\t\t\t\t<\/div>\n\t\t\t\t<\/div>\n\t\t\t\t<div class=\"elementor-element elementor-element-8520ea2 align-center heading-default elementor-widget elementor-widget-mae-headings\" data-id=\"8520ea2\" data-element_type=\"widget\" data-widget_type=\"mae-headings.default\">\n\t\t\t\t<div class=\"elementor-widget-container\">\n\t\t\t\t\t\t\t<div class=\"master-heading sep-none\">\n\t\t\t\t\t\t\t        \n\t        \n\t        \t        <h2 class=\"main-heading\">News & Events<\/h2>\n\t        \n\t        \n\t        \t    <\/div>\n\t    \t\t\t\t<\/div>\n\t\t\t\t<\/div>\n\t\t\t\t<div class=\"elementor-element elementor-element-0739221 hover-eff-5 news-style-1 author-default elementor-widget elementor-widget-mae-news-grid\" data-id=\"0739221\" data-element_type=\"widget\" data-widget_type=\"mae-news-grid.default\">\n\t\t\t\t<div class=\"elementor-widget-container\">\n\t\t\t\t\t\n        <div class=\"master-portfolio\" data-config='{\"columns\":3,\"columnsTablet\":2,\"columnsMobile\":1,\"gapHorizontal\":30,\"gapVertical\":30,\"layoutMode\":\"grid\"}'>\n            <div class=\"galleries cbp\">\n                                    \n                        <div class=\"cbp-item\">\n                            <div class=\"master-news item-carousel\">\n                                <div class=\"image-wrap\"><a class=\"thumb\" href=\"https:\/\/swissconstruction.al\/en\/guide-to-choosing-the-right-steel-scaffolding-for-your-project\/\" aria-label=\"Guide to choosing the right steel scaffolding for your project.\"><span class=\"inner\"><img fetchpriority=\"high\" decoding=\"async\" width=\"370\" height=\"230\" src=\"https:\/\/swissconstruction.al\/wp-content\/uploads\/2024\/05\/skela-swiss-cover-370x230.webp\" class=\"attachment-mae-news-1 size-mae-news-1 wp-post-image\" alt=\"\" \/><\/span><\/a><\/div><div class=\"content-wrap\"><div class=\"post-meta\"><\/div><h3 class=\"headline-2\"><a href=\"https:\/\/swissconstruction.al\/en\/guide-to-choosing-the-right-steel-scaffolding-for-your-project\/\">Guide to choosing the right steel scaffolding for your project.<\/a><\/h3><div class=\"desc\">When your workers need to do their work high above...<\/div><div class=\"sep\"><\/div><div class=\"bottom-wrap\">            <div class=\"url-wrap\">\n                <a class=\"master-button small btn-accent icon-right btn-hover-2\" href=\"https:\/\/swissconstruction.al\/en\/guide-to-choosing-the-right-steel-scaffolding-for-your-project\/\">\n                    <span class=\"inner\">\n                        <span class=\"content-base\">\n                                                        <span class=\"text\">Read more<\/span>\n                            <span class=\"icon fas fa-chevron-right\"><\/span>                        <\/span>\n\n                        <span class=\"content-hover\">\n                                                        <span class=\"text\">Read more<\/span>\n                            <span class=\"icon fas fa-chevron-right\"><\/span>                        <\/span>\n                    <\/span>\n\n                    <span class=\"bg-hover\"><\/span>                <\/a>\n            <\/div>\n\n            <div class=\"post-meta\"><\/div><\/div><\/div>        \n                            <\/div>\n                        <\/div>\n                                <\/div><!-- galleries -->\n        <\/div><!-- master-portfolio -->\n        \t\t\t\t<\/div>\n\t\t\t\t<\/div>\n\t\t\t\t<div class=\"elementor-element elementor-element-2766754 elementor-widget elementor-widget-spacer\" data-id=\"2766754\" data-element_type=\"widget\" data-widget_type=\"spacer.default\">\n\t\t\t\t<div class=\"elementor-widget-container\">\n\t\t\t\t\t\t\t<div class=\"elementor-spacer\">\n\t\t\t<div class=\"elementor-spacer-inner\"><\/div>\n\t\t<\/div>\n\t\t\t\t\t\t<\/div>\n\t\t\t\t<\/div>\n\t\t\t\t\t<\/div>\n\t\t<\/div>\n\t\t\t\t\t<\/div>\n\t\t<\/section>\n\t\t\t\t<\/div>\n\t\t","protected":false},"excerpt":{"rendered":"<p>News &#038; Events Udh\u00ebzues p\u00ebr zgjedhjen e skel\u00ebs s\u00eb duhur t\u00eb \u00e7elikut p\u00ebr projektin tuaj. Kur pun\u00ebtor\u00ebt tuaj duhet t\u00eb b\u00ebjn\u00eb pun\u00ebn e tyre lart&#8230; Read more Read more<\/p>\n","protected":false},"author":1,"featured_media":0,"parent":0,"menu_order":0,"comment_status":"closed","ping_status":"closed","template":"","meta":{"footnotes":""},"class_list":["post-7941","page","type-page","status-publish","hentry"],"yoast_head":"<!-- This site is optimized with the Yoast SEO plugin v25.3 - https:\/\/yoast.com\/wordpress\/plugins\/seo\/ -->\n<title>News &amp; Events | SWISS CONSTRUCTION<\/title>\n<meta name=\"robots\" content=\"index, follow, max-snippet:-1, max-image-preview:large, max-video-preview:-1\" \/>\n<link rel=\"canonical\" href=\"https:\/\/swissconstruction.al\/en\/news-events\/\" \/>\n<meta property=\"og:locale\" content=\"en_US\" \/>\n<meta property=\"og:type\" content=\"article\" \/>\n<meta property=\"og:title\" content=\"News &amp; Events | SWISS CONSTRUCTION\" \/>\n<meta property=\"og:description\" content=\"News &#038; Events Udh\u00ebzues p\u00ebr zgjedhjen e skel\u00ebs s\u00eb duhur t\u00eb \u00e7elikut p\u00ebr projektin tuaj. Kur pun\u00ebtor\u00ebt tuaj duhet t\u00eb b\u00ebjn\u00eb pun\u00ebn e tyre lart&#8230; Read more Read more\" \/>\n<meta property=\"og:url\" content=\"https:\/\/swissconstruction.al\/en\/news-events\/\" \/>\n<meta property=\"og:site_name\" content=\"SWISS CONSTRUCTION\" \/>\n<meta property=\"article:modified_time\" content=\"2024-06-06T13:03:26+00:00\" \/>\n<meta property=\"og:image\" content=\"https:\/\/swissconstruction.al\/wp-content\/uploads\/2024\/05\/skela-swiss-cover-370x230.webp\" \/>\n<meta name=\"twitter:card\" content=\"summary_large_image\" \/>\n<script type=\"application\/ld+json\" class=\"yoast-schema-graph\">{\"@context\":\"https:\/\/schema.org\",\"@graph\":[{\"@type\":\"WebPage\",\"@id\":\"https:\/\/swissconstruction.al\/en\/news-events\/\",\"url\":\"https:\/\/swissconstruction.al\/en\/news-events\/\",\"name\":\"News & Events | SWISS CONSTRUCTION\",\"isPartOf\":{\"@id\":\"https:\/\/swissconstruction.al\/en\/#website\"},\"primaryImageOfPage\":{\"@id\":\"https:\/\/swissconstruction.al\/en\/news-events\/#primaryimage\"},\"image\":{\"@id\":\"https:\/\/swissconstruction.al\/en\/news-events\/#primaryimage\"},\"thumbnailUrl\":\"https:\/\/swissconstruction.al\/wp-content\/uploads\/2024\/05\/skela-swiss-cover-370x230.webp\",\"datePublished\":\"2024-06-05T08:53:24+00:00\",\"dateModified\":\"2024-06-06T13:03:26+00:00\",\"breadcrumb\":{\"@id\":\"https:\/\/swissconstruction.al\/en\/news-events\/#breadcrumb\"},\"inLanguage\":\"en-US\",\"potentialAction\":[{\"@type\":\"ReadAction\",\"target\":[\"https:\/\/swissconstruction.al\/en\/news-events\/\"]}]},{\"@type\":\"ImageObject\",\"inLanguage\":\"en-US\",\"@id\":\"https:\/\/swissconstruction.al\/en\/news-events\/#primaryimage\",\"url\":\"https:\/\/swissconstruction.al\/wp-content\/uploads\/2024\/05\/skela-swiss-cover-370x230.webp\",\"contentUrl\":\"https:\/\/swissconstruction.al\/wp-content\/uploads\/2024\/05\/skela-swiss-cover-370x230.webp\"},{\"@type\":\"BreadcrumbList\",\"@id\":\"https:\/\/swissconstruction.al\/en\/news-events\/#breadcrumb\",\"itemListElement\":[{\"@type\":\"ListItem\",\"position\":1,\"name\":\"Home\",\"item\":\"https:\/\/swissconstruction.al\/en\/\"},{\"@type\":\"ListItem\",\"position\":2,\"name\":\"News &#038; Events\"}]},{\"@type\":\"WebSite\",\"@id\":\"https:\/\/swissconstruction.al\/en\/#website\",\"url\":\"https:\/\/swissconstruction.al\/en\/\",\"name\":\"SWISS CONSTRUCTION\",\"description\":\"\",\"publisher\":{\"@id\":\"https:\/\/swissconstruction.al\/en\/#organization\"},\"alternateName\":\"Skela Swiss\",\"potentialAction\":[{\"@type\":\"SearchAction\",\"target\":{\"@type\":\"EntryPoint\",\"urlTemplate\":\"https:\/\/swissconstruction.al\/en\/?s={search_term_string}\"},\"query-input\":{\"@type\":\"PropertyValueSpecification\",\"valueRequired\":true,\"valueName\":\"search_term_string\"}}],\"inLanguage\":\"en-US\"},{\"@type\":\"Organization\",\"@id\":\"https:\/\/swissconstruction.al\/en\/#organization\",\"name\":\"SWISS CONSTRUCTION\",\"alternateName\":\"Skela Swiss\",\"url\":\"https:\/\/swissconstruction.al\/en\/\",\"logo\":{\"@type\":\"ImageObject\",\"inLanguage\":\"en-US\",\"@id\":\"https:\/\/swissconstruction.al\/en\/#\/schema\/logo\/image\/\",\"url\":\"https:\/\/swissconstruction.al\/wp-content\/uploads\/2024\/05\/SKELA-SWISS.svg\",\"contentUrl\":\"https:\/\/swissconstruction.al\/wp-content\/uploads\/2024\/05\/SKELA-SWISS.svg\",\"width\":1810,\"height\":237,\"caption\":\"SWISS CONSTRUCTION\"},\"image\":{\"@id\":\"https:\/\/swissconstruction.al\/en\/#\/schema\/logo\/image\/\"}}]}<\/script>\n<!-- \/ Yoast SEO plugin. -->","yoast_head_json":{"title":"News & Events | SWISS CONSTRUCTION","robots":{"index":"index","follow":"follow","max-snippet":"max-snippet:-1","max-image-preview":"max-image-preview:large","max-video-preview":"max-video-preview:-1"},"canonical":"https:\/\/swissconstruction.al\/en\/news-events\/","og_locale":"en_US","og_type":"article","og_title":"News & Events | SWISS CONSTRUCTION","og_description":"News &#038; Events Udh\u00ebzues p\u00ebr zgjedhjen e skel\u00ebs s\u00eb duhur t\u00eb \u00e7elikut p\u00ebr projektin tuaj. Kur pun\u00ebtor\u00ebt tuaj duhet t\u00eb b\u00ebjn\u00eb pun\u00ebn e tyre lart&#8230; Read more Read more","og_url":"https:\/\/swissconstruction.al\/en\/news-events\/","og_site_name":"SWISS CONSTRUCTION","article_modified_time":"2024-06-06T13:03:26+00:00","og_image":[{"url":"https:\/\/swissconstruction.al\/wp-content\/uploads\/2024\/05\/skela-swiss-cover-370x230.webp","type":"","width":"","height":""}],"twitter_card":"summary_large_image","schema":{"@context":"https:\/\/schema.org","@graph":[{"@type":"WebPage","@id":"https:\/\/swissconstruction.al\/en\/news-events\/","url":"https:\/\/swissconstruction.al\/en\/news-events\/","name":"News & Events | SWISS CONSTRUCTION","isPartOf":{"@id":"https:\/\/swissconstruction.al\/en\/#website"},"primaryImageOfPage":{"@id":"https:\/\/swissconstruction.al\/en\/news-events\/#primaryimage"},"image":{"@id":"https:\/\/swissconstruction.al\/en\/news-events\/#primaryimage"},"thumbnailUrl":"https:\/\/swissconstruction.al\/wp-content\/uploads\/2024\/05\/skela-swiss-cover-370x230.webp","datePublished":"2024-06-05T08:53:24+00:00","dateModified":"2024-06-06T13:03:26+00:00","breadcrumb":{"@id":"https:\/\/swissconstruction.al\/en\/news-events\/#breadcrumb"},"inLanguage":"en-US","potentialAction":[{"@type":"ReadAction","target":["https:\/\/swissconstruction.al\/en\/news-events\/"]}]},{"@type":"ImageObject","inLanguage":"en-US","@id":"https:\/\/swissconstruction.al\/en\/news-events\/#primaryimage","url":"https:\/\/swissconstruction.al\/wp-content\/uploads\/2024\/05\/skela-swiss-cover-370x230.webp","contentUrl":"https:\/\/swissconstruction.al\/wp-content\/uploads\/2024\/05\/skela-swiss-cover-370x230.webp"},{"@type":"BreadcrumbList","@id":"https:\/\/swissconstruction.al\/en\/news-events\/#breadcrumb","itemListElement":[{"@type":"ListItem","position":1,"name":"Home","item":"https:\/\/swissconstruction.al\/en\/"},{"@type":"ListItem","position":2,"name":"News &#038; Events"}]},{"@type":"WebSite","@id":"https:\/\/swissconstruction.al\/en\/#website","url":"https:\/\/swissconstruction.al\/en\/","name":"SWISS CONSTRUCTION","description":"","publisher":{"@id":"https:\/\/swissconstruction.al\/en\/#organization"},"alternateName":"Skela Swiss","potentialAction":[{"@type":"SearchAction","target":{"@type":"EntryPoint","urlTemplate":"https:\/\/swissconstruction.al\/en\/?s={search_term_string}"},"query-input":{"@type":"PropertyValueSpecification","valueRequired":true,"valueName":"search_term_string"}}],"inLanguage":"en-US"},{"@type":"Organization","@id":"https:\/\/swissconstruction.al\/en\/#organization","name":"SWISS CONSTRUCTION","alternateName":"Skela Swiss","url":"https:\/\/swissconstruction.al\/en\/","logo":{"@type":"ImageObject","inLanguage":"en-US","@id":"https:\/\/swissconstruction.al\/en\/#\/schema\/logo\/image\/","url":"https:\/\/swissconstruction.al\/wp-content\/uploads\/2024\/05\/SKELA-SWISS.svg","contentUrl":"https:\/\/swissconstruction.al\/wp-content\/uploads\/2024\/05\/SKELA-SWISS.svg","width":1810,"height":237,"caption":"SWISS CONSTRUCTION"},"image":{"@id":"https:\/\/swissconstruction.al\/en\/#\/schema\/logo\/image\/"}}]}},"_links":{"self":[{"href":"https:\/\/swissconstruction.al\/en\/wp-json\/wp\/v2\/pages\/7941","targetHints":{"allow":["GET"]}}],"collection":[{"href":"https:\/\/swissconstruction.al\/en\/wp-json\/wp\/v2\/pages"}],"about":[{"href":"https:\/\/swissconstruction.al\/en\/wp-json\/wp\/v2\/types\/page"}],"author":[{"embeddable":true,"href":"https:\/\/swissconstruction.al\/en\/wp-json\/wp\/v2\/users\/1"}],"replies":[{"embeddable":true,"href":"https:\/\/swissconstruction.al\/en\/wp-json\/wp\/v2\/comments?post=7941"}],"version-history":[{"count":0,"href":"https:\/\/swissconstruction.al\/en\/wp-json\/wp\/v2\/pages\/7941\/revisions"}],"wp:attachment":[{"href":"https:\/\/swissconstruction.al\/en\/wp-json\/wp\/v2\/media?parent=7941"}],"curies":[{"name":"wp","href":"https:\/\/api.w.org\/{rel}","templated":true}]}}